{"id":219,"date":"2020-05-12T03:43:04","date_gmt":"2020-05-12T03:43:04","guid":{"rendered":"https:\/\/smarttravelhon.com\/index.php\/services\/"},"modified":"2023-08-24T11:30:09","modified_gmt":"2023-08-24T17:30:09","slug":"services","status":"publish","type":"page","link":"https:\/\/smarttravelhon.com\/index.php\/services\/","title":{"rendered":"Servicios"},"content":{"rendered":"\n<div class=\"wp-block-uagb-container uagb-block-9776e3ff alignfull uagb-is-root-container\"><div class=\"uagb-container-inner-blocks-wrap\">\n<p><\/p>\n\n\n\n<p><\/p>\n\n\n\n<div class=\"wp-block-uagb-advanced-heading uagb-block-c50805f9\"><h1 class=\"uagb-heading-text\">Nuestros Servicios\u200b<\/h1><\/div>\n<\/div><\/div>\n\n\n\n<div class=\"wp-block-uagb-container uagb-block-7bd783a2 alignfull uagb-is-root-container\"><div class=\"uagb-container-inner-blocks-wrap\">\n<div class=\"wp-block-uagb-container uagb-block-1e95d249\">\n<h2 class=\"wp-block-heading has-text-align-center\"><strong>Paquetes Tur\u00edsticos<\/strong><\/h2>\n\n\n\n<p class=\"has-text-align-center\">Descubre un mundo de posibilidades con nuestros irresistibles paquetes tur\u00edsticos en Smart Travel. Sum\u00e9rgete en aventuras inolvidables mientras nosotros nos encargamos de todos los detalles. Nuestros expertos dise\u00f1an cuidadosamente cada itinerario, combinando destinos fascinantes, experiencias aut\u00e9nticas y alojamientos de calidad para brindarte una experiencia de viaje inigualable. Ya sea que desees explorar exuberantes paisajes naturales, sumergirte en la rica cultura de destinos hist\u00f3ricos o relajarte en playas paradis\u00edacas, nuestros paquetes tur\u00edsticos est\u00e1n dise\u00f1ados para satisfacer tus deseos y superar tus expectativas. D\u00e9janos ser tu gu\u00eda en esta aventura, mientras disfrutas de momentos memorables y te sumerges en la belleza del mundo con total tranquilidad.<\/p>\n\n\n\n<div class=\"wp-block-buttons alignwide is-content-justification-center is-layout-flex wp-container-core-buttons-is-layout-1 wp-block-buttons-is-layout-flex\">\n<div class=\"wp-block-button\"><a class=\"wp-block-button__link wp-element-button\" href=\"https:\/\/api.whatsapp.com\/send?phone=50432125001&amp;text=Hola%20Smart%20Travel%20\ud83d\ude00\ud83d\ude00%2C%20Tom\u00e9%20su%20contacto%20de%20su%20p\u00e1gina%20web%2C%20me%20gustar\u00eda%20una%20cotizaci\u00f3n%20para%20viajar%20\u2708%EF%B8%8Fa....\"><strong>Cont\u00e1ctanos<\/strong><\/a><\/div>\n<\/div>\n<\/div>\n\n\n\n<div class=\"wp-block-uagb-container uagb-block-31016444\">\n<div class=\"wp-block-uagb-image uagb-block-db931b44 wp-block-uagb-image--layout-default wp-block-uagb-image--effect-static wp-block-uagb-image--align-none\"><figure class=\"wp-block-uagb-image__figure\"><img loading=\"lazy\" decoding=\"async\" srcset=\"https:\/\/smarttravelhon.com\/wp-content\/uploads\/2023\/07\/thumb-1920-815875-1024x683.jpg \" sizes=\"(max-width: 480px) 150px\" src=\"https:\/\/smarttravelhon.com\/wp-content\/uploads\/2023\/07\/thumb-1920-815875-1024x683.jpg\" alt=\"\" class=\"uag-image-14\" width=\"1024\" height=\"683\" title=\"\" loading=\"lazy\"\/><\/figure><\/div>\n<\/div>\n<\/div><\/div>\n\n\n\n<div class=\"wp-block-uagb-container uagb-block-472209f8 alignfull uagb-is-root-container\"><div class=\"uagb-container-inner-blocks-wrap\">\n<div class=\"wp-block-uagb-container uagb-block-2bb15229\">\n<div class=\"wp-block-uagb-image aligncenter uagb-block-e049a35c wp-block-uagb-image--layout-default wp-block-uagb-image--effect-static wp-block-uagb-image--align-center\"><figure class=\"wp-block-uagb-image__figure\"><img loading=\"lazy\" decoding=\"async\" srcset=\"https:\/\/smarttravelhon.com\/wp-content\/uploads\/2023\/07\/asesor-laboral-1024x558.jpg \" sizes=\"(max-width: 480px) 150px\" src=\"https:\/\/smarttravelhon.com\/wp-content\/uploads\/2023\/07\/asesor-laboral-1024x558.jpg\" alt=\"\" class=\"uag-image-1044\" width=\"1024\" height=\"558\" title=\"\" loading=\"lazy\"\/><\/figure><\/div>\n<\/div>\n\n\n\n<div class=\"wp-block-uagb-container uagb-block-102b66a8\">\n<h2 class=\"wp-block-heading has-text-align-center\"><strong>Asesor\u00edas Migratorias<\/strong><\/h2>\n\n\n\n<p class=\"has-text-align-center\">En nuestra agencia, entendemos los desaf\u00edos y la importancia de los tr\u00e1mites migratorios. Con nuestros servicios de asesor\u00eda migratoria en Smart Travel, te acompa\u00f1amos en cada paso del proceso, brind\u00e1ndote el apoyo y la orientaci\u00f3n necesaria para lograr una transici\u00f3n exitosa. Nuestro equipo de expertos en asuntos migratorios cuenta con un amplio conocimiento y experiencia en los requisitos legales y procedimientos migratorios.<\/p>\n\n\n\n<div class=\"wp-block-buttons alignwide is-content-justification-center is-layout-flex wp-container-core-buttons-is-layout-2 wp-block-buttons-is-layout-flex\">\n<div class=\"wp-block-button\"><a class=\"wp-block-button__link wp-element-button\" href=\"https:\/\/api.whatsapp.com\/send?phone=50432125001&amp;text=Hola%20Smart%20Travel%20%F0%9F%98%80%F0%9F%98%80%2C%20Tom%C3%A9%20su%20contacto%20de%20su%20p%C3%A1gina%20web%2C%20me%20gustar%C3%ADa%20una%20Asesor%C3%ADa%20para%20viajar%20%E2%9C%88%EF%B8%8Fa....\"><strong>Cont\u00e1ctanos<\/strong><\/a><\/div>\n<\/div>\n<\/div>\n<\/div><\/div>\n\n\n\n<div class=\"wp-block-uagb-container uagb-block-d9e945d7 alignfull uagb-is-root-container\"><div class=\"uagb-container-inner-blocks-wrap\">\n<div class=\"wp-block-uagb-container uagb-block-afc68c11\">\n<h2 class=\"wp-block-heading has-text-align-center\"><strong>Llenado de Formularios<\/strong><\/h2>\n\n\n\n<p class=\"has-text-align-center\">En Smart Travel, nos especializamos en brindar servicios de llenado de formularios migratorios, facilit\u00e1ndote el proceso y ahorr\u00e1ndote tiempo y estr\u00e9s. Nuestro equipo de expertos en asuntos migratorios se encarga de manejar cada detalle de los formularios, asegur\u00e1ndose de que est\u00e9n completos y correctamente presentados. Con un profundo conocimiento de los requisitos y regulaciones migratorias, te proporcionamos una asesor\u00eda personalizada para garantizar que toda la documentaci\u00f3n est\u00e9 en orden. Conf\u00eda en nosotros para simplificar tus tr\u00e1mites migratorios, permiti\u00e9ndote enfocarte en tus planes y metas en tu nuevo destino.<\/p>\n\n\n\n<div class=\"wp-block-buttons alignwide is-content-justification-center is-layout-flex wp-container-core-buttons-is-layout-3 wp-block-buttons-is-layout-flex\">\n<div class=\"wp-block-button\"><a class=\"wp-block-button__link wp-element-button\" href=\"https:\/\/api.whatsapp.com\/send?phone=50432125001&amp;text=Hola%20Smart%20Travel%20%F0%9F%98%80%F0%9F%98%80%2C%20Tom%C3%A9%20su%20contacto%20de%20su%20p%C3%A1gina%20web%2C%20necesito%20ayuda%20para%20llenado%20de%20formularios%20migratorios.%F0%9F%91%A9%E2%80%8D%F0%9F%92%BB\"><strong>Cont\u00e1ctanos<\/strong><\/a><\/div>\n<\/div>\n<\/div>\n\n\n\n<div class=\"wp-block-uagb-container uagb-block-66ff80e4\">\n<div class=\"wp-block-uagb-image uagb-block-10002061 wp-block-uagb-image--layout-default wp-block-uagb-image--effect-static wp-block-uagb-image--align-none\"><figure class=\"wp-block-uagb-image__figure\"><img loading=\"lazy\" decoding=\"async\" srcset=\"https:\/\/smarttravelhon.com\/wp-content\/uploads\/2023\/07\/llenado-de-formulario.jpg \" sizes=\"(max-width: 480px) 150px\" src=\"https:\/\/smarttravelhon.com\/wp-content\/uploads\/2023\/07\/llenado-de-formulario.jpg\" alt=\"\" class=\"uag-image-964\" width=\"612\" height=\"408\" title=\"\" loading=\"lazy\"\/><\/figure><\/div>\n<\/div>\n<\/div><\/div>\n\n\n\n<div class=\"wp-block-uagb-container uagb-block-45136480 alignfull uagb-is-root-container\"><div class=\"uagb-container-inner-blocks-wrap\">\n<div class=\"wp-block-uagb-advanced-heading uagb-block-6b2aed46\"><h2 class=\"uagb-heading-text\">Preguntas Frecuentes<\/h2><\/div>\n\n\n<div class=\"wp-block-uagb-faq uagb-faq__outer-wrap uagb-block-ce630385 uagb-faq-icon-row-reverse uagb-faq-layout-grid uagb-faq-expand-first-false uagb-faq-inactive-other-true uagb-faq__wrap uagb-buttons-layout-wrap uagb-faq-equal-height     \" data-faqtoggle=\"true\" role=\"tablist\"><div class=\"wp-block-uagb-faq-child uagb-faq-child__outer-wrap uagb-faq-item uagb-block-3875982a \" role=\"tab\" tabindex=\"0\"><div class=\"uagb-faq-questions-button uagb-faq-questions\">\t\t\t<span class=\"uagb-icon uagb-faq-icon-wrap\">\n\t\t\t\t\t\t\t<\/span>\n\t\t\t\t\t\t<span class=\"uagb-icon-active uagb-faq-icon-wrap\">\n\t\t\t\t\t\t\t\t<svg xmlns=\"https:\/\/www.w3.org\/2000\/svg\" viewBox= \"0 0 320 512\"><path d=\"M9.39 265.4l127.1-128C143.6 131.1 151.8 128 160 128s16.38 3.125 22.63 9.375l127.1 128c9.156 9.156 11.9 22.91 6.943 34.88S300.9 320 287.1 320H32.01c-12.94 0-24.62-7.781-29.58-19.75S.2333 274.5 9.39 265.4z\"><\/path><\/svg>\n\t\t\t\t\t\t\t<\/span>\n\t\t\t<span class=\"uagb-question\">\u00bfSe puede viajar a Estados Unidos Solo con Pasaporte?<\/span><\/div><div class=\"uagb-faq-content\"><p>No, se necesitar contar con visa estadounidense vigente o ser ciudadano de ciertos pa\u00edses como Canad\u00e1, Espa\u00f1a, entre otros. Puedes contactarnos para brindarte m\u00e1s informaci\u00f3n.<\/p><\/div><\/div><div class=\"wp-block-uagb-faq-child uagb-faq-child__outer-wrap uagb-faq-item uagb-block-8f45ce19 \" role=\"tab\" tabindex=\"0\"><div class=\"uagb-faq-questions-button uagb-faq-questions\">\t\t\t<span class=\"uagb-icon uagb-faq-icon-wrap\">\n\t\t\t\t\t\t\t<\/span>\n\t\t\t\t\t\t<span class=\"uagb-icon-active uagb-faq-icon-wrap\">\n\t\t\t\t\t\t\t\t<svg xmlns=\"https:\/\/www.w3.org\/2000\/svg\" viewBox= \"0 0 320 512\"><path d=\"M9.39 265.4l127.1-128C143.6 131.1 151.8 128 160 128s16.38 3.125 22.63 9.375l127.1 128c9.156 9.156 11.9 22.91 6.943 34.88S300.9 320 287.1 320H32.01c-12.94 0-24.62-7.781-29.58-19.75S.2333 274.5 9.39 265.4z\"><\/path><\/svg>\n\t\t\t\t\t\t\t<\/span>\n\t\t\t<span class=\"uagb-question\">\u00bfQu\u00e9 documentos necesito para viajar al extranjero?<\/span><\/div><div class=\"uagb-faq-content\"><p>Por lo general, necesitar\u00e1s un pasaporte v\u00e1lido y, dependiendo del destino, es posible que requieras una visa. Te asesoraremos sobre los requisitos espec\u00edficos.<\/p><\/div><\/div><div class=\"wp-block-uagb-faq-child uagb-faq-child__outer-wrap uagb-faq-item uagb-block-925a8848 \" role=\"tab\" tabindex=\"0\"><div class=\"uagb-faq-questions-button uagb-faq-questions\">\t\t\t<span class=\"uagb-icon uagb-faq-icon-wrap\">\n\t\t\t\t\t\t\t<\/span>\n\t\t\t\t\t\t<span class=\"uagb-icon-active uagb-faq-icon-wrap\">\n\t\t\t\t\t\t\t\t<svg xmlns=\"https:\/\/www.w3.org\/2000\/svg\" viewBox= \"0 0 320 512\"><path d=\"M9.39 265.4l127.1-128C143.6 131.1 151.8 128 160 128s16.38 3.125 22.63 9.375l127.1 128c9.156 9.156 11.9 22.91 6.943 34.88S300.9 320 287.1 320H32.01c-12.94 0-24.62-7.781-29.58-19.75S.2333 274.5 9.39 265.4z\"><\/path><\/svg>\n\t\t\t\t\t\t\t<\/span>\n\t\t\t<span class=\"uagb-question\">\u00bfQu\u00e9 servicios est\u00e1n incluidos en los paquetes tur\u00edsticos?<\/span><\/div><div class=\"uagb-faq-content\"><p>Los servicios pueden variar, pero suelen incluir vuelos a\u00e9reos, transporte aeropuerto-hotel-aeropuerto, Hospedaje y algunas actividades. Te brindaremos informaci\u00f3n detallada sobre los servicios espec\u00edficos de cada paquete.<\/p><\/div><\/div><div class=\"wp-block-uagb-faq-child uagb-faq-child__outer-wrap uagb-faq-item uagb-block-4b1e457e \" role=\"tab\" tabindex=\"0\"><div class=\"uagb-faq-questions-button uagb-faq-questions\">\t\t\t<span class=\"uagb-icon uagb-faq-icon-wrap\">\n\t\t\t\t\t\t\t<\/span>\n\t\t\t\t\t\t<span class=\"uagb-icon-active uagb-faq-icon-wrap\">\n\t\t\t\t\t\t\t\t<svg xmlns=\"https:\/\/www.w3.org\/2000\/svg\" viewBox= \"0 0 320 512\"><path d=\"M9.39 265.4l127.1-128C143.6 131.1 151.8 128 160 128s16.38 3.125 22.63 9.375l127.1 128c9.156 9.156 11.9 22.91 6.943 34.88S300.9 320 287.1 320H32.01c-12.94 0-24.62-7.781-29.58-19.75S.2333 274.5 9.39 265.4z\"><\/path><\/svg>\n\t\t\t\t\t\t\t<\/span>\n\t\t\t<span class=\"uagb-question\">\u00bfC\u00f3mo puedo planificar un viaje a destinos remotos y menos tur\u00edsticos?<\/span><\/div><div class=\"uagb-faq-content\"><p>Nuestros agentes de viajes especializados te brindar\u00e1n asesoramiento personalizado, recomendaciones de transporte y alojamiento, y te ayudar\u00e1n a dise\u00f1ar un itinerario adaptado a tus intereses y preferencias.<\/p><\/div><\/div><div class=\"wp-block-uagb-faq-child uagb-faq-child__outer-wrap uagb-faq-item uagb-block-12cebd6d \" role=\"tab\" tabindex=\"0\"><div class=\"uagb-faq-questions-button uagb-faq-questions\">\t\t\t<span class=\"uagb-icon uagb-faq-icon-wrap\">\n\t\t\t\t\t\t\t<\/span>\n\t\t\t\t\t\t<span class=\"uagb-icon-active uagb-faq-icon-wrap\">\n\t\t\t\t\t\t\t\t<svg xmlns=\"https:\/\/www.w3.org\/2000\/svg\" viewBox= \"0 0 320 512\"><path d=\"M9.39 265.4l127.1-128C143.6 131.1 151.8 128 160 128s16.38 3.125 22.63 9.375l127.1 128c9.156 9.156 11.9 22.91 6.943 34.88S300.9 320 287.1 320H32.01c-12.94 0-24.62-7.781-29.58-19.75S.2333 274.5 9.39 265.4z\"><\/path><\/svg>\n\t\t\t\t\t\t\t<\/span>\n\t\t\t<span class=\"uagb-question\">\u00bfCu\u00e1les son los festivales m\u00e1s importantes en Am\u00e9rica Latina?<\/span><\/div><div class=\"uagb-faq-content\"><p>Algunos de los festivales destacados incluyen el Carnaval de R\u00edo de Janeiro en Brasil, el D\u00eda de los Muertos en M\u00e9xico y la Feria de las Flores en Medell\u00edn, Colombia.<\/p><\/div><\/div><\/div><\/div><\/div>\n","protected":false},"excerpt":{"rendered":"<p>Nuestros Servicios\u200b Paquetes Tur\u00edsticos Descubre un mundo de posibilidades con nuestros irresistibles paquetes tur\u00edsticos en Smart Travel. Sum\u00e9rgete en aventuras inolvidables mientras nosotros nos encargamos de todos los detalles. Nuestros expertos dise\u00f1an cuidadosamente cada itinerario, combinando destinos fascinantes, experiencias aut\u00e9nticas y alojamientos de calidad para brindarte una experiencia de viaje inigualable. Ya sea que desees [&hellip;]<\/p>\n","protected":false},"author":1,"featured_media":0,"parent":0,"menu_order":0,"comment_status":"closed","ping_status":"closed","template":"","meta":{"_uag_custom_page_level_css":"","_background_id":0,"_xo_background":[],"site-sidebar-layout":"no-sidebar","site-content-layout":"plain-container","ast-site-content-layout":"","site-content-style":"default","site-sidebar-style":"default","ast-global-header-display":"","ast-banner-title-visibility":"","ast-main-header-display":"","ast-hfb-above-header-display":"","ast-hfb-below-header-display":"","ast-hfb-mobile-header-display":"","site-post-title":"disabled","ast-breadcrumbs-content":"","ast-featured-img":"disabled","footer-sml-layout":"","theme-transparent-header-meta":"enabled","adv-header-id-meta":"","stick-header-meta":"","header-above-stick-meta":"","header-main-stick-meta":"","header-below-stick-meta":"","astra-migrate-meta-layouts":"default","ast-page-background-enabled":"default","ast-page-background-meta":{"desktop":{"background-color":"","background-image":"","background-repeat":"repeat","background-position":"center center","background-size":"auto","background-attachment":"scroll","background-type":"","background-media":"","overlay-type":"","overlay-color":"","overlay-opacity":"","overlay-gradient":""},"tablet":{"background-color":"","background-image":"","background-repeat":"repeat","background-position":"center center","background-size":"auto","background-attachment":"scroll","background-type":"","background-media":"","overlay-type":"","overlay-color":"","overlay-opacity":"","overlay-gradient":""},"mobile":{"background-color":"","background-image":"","background-repeat":"repeat","background-position":"center center","background-size":"auto","background-attachment":"scroll","background-type":"","background-media":"","overlay-type":"","overlay-color":"","overlay-opacity":"","overlay-gradient":""}},"ast-content-background-meta":{"desktop":{"background-color":"var(--ast-global-color-5)","background-image":"","background-repeat":"repeat","background-position":"center center","background-size":"auto","background-attachment":"scroll","background-type":"","background-media":"","overlay-type":"","overlay-color":"","overlay-opacity":"","overlay-gradient":""},"tablet":{"background-color":"var(--ast-global-color-5)","background-image":"","background-repeat":"repeat","background-position":"center center","background-size":"auto","background-attachment":"scroll","background-type":"","background-media":"","overlay-type":"","overlay-color":"","overlay-opacity":"","overlay-gradient":""},"mobile":{"background-color":"var(--ast-global-color-5)","background-image":"","background-repeat":"repeat","background-position":"center center","background-size":"auto","background-attachment":"scroll","background-type":"","background-media":"","overlay-type":"","overlay-color":"","overlay-opacity":"","overlay-gradient":""}},"footnotes":""},"aioseo_notices":[],"uagb_featured_image_src":{"full":false,"thumbnail":false,"medium":false,"medium_large":false,"large":false,"1536x1536":false,"2048x2048":false},"uagb_author_info":{"display_name":"Smart Travel Agencia de Viajes","author_link":"https:\/\/smarttravelhon.com\/index.php\/author\/smarttravelhon\/"},"uagb_comment_info":0,"uagb_excerpt":"Nuestros Servicios\u200b Paquetes Tur\u00edsticos Descubre un mundo de posibilidades con nuestros irresistibles paquetes tur\u00edsticos en Smart Travel. Sum\u00e9rgete en aventuras inolvidables mientras nosotros nos encargamos de todos los detalles. Nuestros expertos dise\u00f1an cuidadosamente cada itinerario, combinando destinos fascinantes, experiencias aut\u00e9nticas y alojamientos de calidad para brindarte una experiencia de viaje inigualable. Ya sea que desees&hellip;","_links":{"self":[{"href":"https:\/\/smarttravelhon.com\/index.php\/wp-json\/wp\/v2\/pages\/219"}],"collection":[{"href":"https:\/\/smarttravelhon.com\/index.php\/wp-json\/wp\/v2\/pages"}],"about":[{"href":"https:\/\/smarttravelhon.com\/index.php\/wp-json\/wp\/v2\/types\/page"}],"author":[{"embeddable":true,"href":"https:\/\/smarttravelhon.com\/index.php\/wp-json\/wp\/v2\/users\/1"}],"replies":[{"embeddable":true,"href":"https:\/\/smarttravelhon.com\/index.php\/wp-json\/wp\/v2\/comments?post=219"}],"version-history":[{"count":10,"href":"https:\/\/smarttravelhon.com\/index.php\/wp-json\/wp\/v2\/pages\/219\/revisions"}],"predecessor-version":[{"id":1173,"href":"https:\/\/smarttravelhon.com\/index.php\/wp-json\/wp\/v2\/pages\/219\/revisions\/1173"}],"wp:attachment":[{"href":"https:\/\/smarttravelhon.com\/index.php\/wp-json\/wp\/v2\/media?parent=219"}],"curies":[{"name":"wp","href":"https:\/\/api.w.org\/{rel}","templated":true}]}}