{"id":1159,"date":"2023-08-24T14:27:33","date_gmt":"2023-08-24T20:27:33","guid":{"rendered":"https:\/\/smarttravelhon.com\/?page_id=1159"},"modified":"2024-10-25T14:47:46","modified_gmt":"2024-10-25T20:47:46","slug":"destinos-imperdibles-smart-travel","status":"publish","type":"page","link":"https:\/\/smarttravelhon.com\/index.php\/destinos-imperdibles-smart-travel\/","title":{"rendered":"Destinos Imperdibles Smart Travel"},"content":{"rendered":"\t\t<div data-elementor-type=\"wp-page\" data-elementor-id=\"1159\" class=\"elementor elementor-1159\">\n\t\t\t\t\t\t<section class=\"elementor-section elementor-top-section elementor-element elementor-element-47faedcd elementor-section-boxed elementor-section-height-default elementor-section-height-default\" data-id=\"47faedcd\" data-element_type=\"section\">\n\t\t\t\t\t\t<div class=\"elementor-container elementor-column-gap-default\">\n\t\t\t\t\t<div class=\"elementor-column elementor-col-100 elementor-top-column elementor-element elementor-element-386f56e7\" data-id=\"386f56e7\" data-element_type=\"column\">\n\t\t\t<div class=\"elementor-widget-wrap elementor-element-populated\">\n\t\t\t\t\t\t<div class=\"elementor-element elementor-element-1d0fa994 elementor-widget elementor-widget-text-editor\" data-id=\"1d0fa994\" data-element_type=\"widget\" data-widget_type=\"text-editor.default\">\n\t\t\t\t<div class=\"elementor-widget-container\">\n\t\t\t\t\t\t\t\t\t\n<h3 class=\"wp-block-heading has-text-align-center has-ast-global-color-2-color has-text-color has-x-large-font-size\" style=\"font-style:normal;font-weight:800\"><br><br><mark style=\"background-color:rgba(0, 0, 0, 0)\" class=\"has-inline-color has-ast-global-color-0-color\"><em>Destinos Imperdibles Smart Travel<\/em><\/mark><\/h3>\n\n\n\n<p class=\"has-medium-font-size\"><strong>En Smart Travel, sabemos lo importante que es hacer que tus viajes sean inolvidables. Por eso, hemos creado esta secci\u00f3n especialmente para ti. Aqu\u00ed encontrar\u00e1s una gu\u00eda detallada de los lugares tur\u00edsticos m\u00e1s fascinantes y emocionantes en cada ciudad que visitamos.<\/strong><\/p>\n\n\n\n<div class=\"wp-block-uagb-wp-search uagb-wp-search__outer-wrap uagb-block-df556db4 uagb-layout-input\"><form class=\"uagb-search-wrapper\" role=\"search\" action=\"https:\/\/smarttravelhon.com\" method=\"get\"><div class=\"uagb-search-form__container\" role=\"tablist\"><span class=\"uagb-wp-search-icon-wrap\"><svg xmlns=\"https:\/\/www.w3.org\/2000\/svg\" viewBox=\"0 0 512 512\"><path d=\"M500.3 443.7l-119.7-119.7c27.22-40.41 40.65-90.9 33.46-144.7C401.8 87.79 326.8 13.32 235.2 1.723C99.01-15.51-15.51 99.01 1.724 235.2c11.6 91.64 86.08 166.7 177.6 178.9c53.8 7.189 104.3-6.236 144.7-33.46l119.7 119.7c15.62 15.62 40.95 15.62 56.57 0C515.9 484.7 515.9 459.3 500.3 443.7zM79.1 208c0-70.58 57.42-128 128-128s128 57.42 128 128c0 70.58-57.42 128-128 128S79.1 278.6 79.1 208z\"><\/path><\/svg><\/span><input placeholder=\"Busca Tu Destino Aqu\u00ed\" class=\"uagb-search-form__input\" type=\"search\" name=\"s\" title=\"Search\"\/><\/div><\/form><\/div>\n\n\n\n<div class=\"wp-block-query alignfull is-layout-flow wp-block-query-is-layout-flow\"><\/div>\n\n\n\n<p><\/p>\n\n\n\n\t\t\t<div class=\"wp-block-uagb-post-grid uagb-post-grid  uagb-post__image-position-top uagb-post__image-enabled uagb-block-71a2aa04     uagb-post__items uagb-post__columns-3 is-grid uagb-post__columns-tablet-2 uagb-post__columns-mobile-1 uagb-post__equal-height uagb-equal_height_inline-read-more-buttons\" data-total=\"1\" style=\"\">\n\n\t\t\t\t\t\t\t\t\t\t\t\t<article class=\"uagb-post__inner-wrap\">\t\t\t\t\t\t\t\t<h4 class=\"uagb-post__title uagb-post__text\">\n\t\t\t\t<a href=\"https:\/\/smarttravelhon.com\/index.php\/2023\/08\/26\/madrid-espana-2\/\" target=\"_self\" rel=\"bookmark noopener noreferrer\">MADRID, ESPA\u00d1A<\/a>\n\t\t\t<\/h4>\n\t\t\t\t\t\t<div class='uagb-post__text uagb-post-grid-byline'>\n\t\t\t\t\t\t\t\t<time datetime=\"2023-08-26T11:55:06-06:00\" class=\"uagb-post__date\">\n\t\t\t\t<span class=\"dashicons-calendar dashicons\"><\/span>\t\t\t\t\t26 de agosto de 2023\t\t\t\t<\/time>\n\t\t\t\t\t\t<\/div>\n\t\t\t\t\t\t\t<div class='uagb-post__text uagb-post__excerpt'>\n\t\t\t\t\t<p>MADRID, ESPA\u00d1A \u00bfD\u00f3nde ir si estas de visita por Madrid? Razones para Visitar: Arquitectura Majestuosa,...\t\t\t\t<\/div>\n\t\t\t\t\t\t<div class=\"uagb-post__text uagb-post__cta wp-block-button\">\n\t\t\t\t<a class=\"wp-block-button__link uagb-text-link\" style=\"\" href=\"https:\/\/smarttravelhon.com\/index.php\/2023\/08\/26\/madrid-espana-2\/\" target=\"_self\" rel=\"bookmark noopener noreferrer\">Leer m\u00e1s aQU\u00cd<\/a>\n\t\t\t<\/div>\n\t\t\t\n\t\t\t\t\t\t\t\t\t<\/article>\n\t\t\t\t\t\t\t\t\t\t\t\t\t\t\t\t<article class=\"uagb-post__inner-wrap\">\t\t\t\t\t\t\t\t<h4 class=\"uagb-post__title uagb-post__text\">\n\t\t\t\t<a href=\"https:\/\/smarttravelhon.com\/index.php\/2023\/08\/26\/paris-francia\/\" target=\"_self\" rel=\"bookmark noopener noreferrer\">PAR\u00cdS, FRANCIA<\/a>\n\t\t\t<\/h4>\n\t\t\t\t\t\t<div class='uagb-post__text uagb-post-grid-byline'>\n\t\t\t\t\t\t\t\t<time datetime=\"2023-08-26T14:05:58-06:00\" class=\"uagb-post__date\">\n\t\t\t\t<span class=\"dashicons-calendar dashicons\"><\/span>\t\t\t\t\t26 de agosto de 2023\t\t\t\t<\/time>\n\t\t\t\t\t\t<\/div>\n\t\t\t\t\t\t\t<div class='uagb-post__text uagb-post__excerpt'>\n\t\t\t\t\t<p>PAR\u00cdS, FRANCIA \u00bfD\u00f3nde ir si estas de visita por Par\u00eds? Razones para Visitar: S\u00edmbolo Emblem\u00e1tico...\t\t\t\t<\/div>\n\t\t\t\t\t\t<div class=\"uagb-post__text uagb-post__cta wp-block-button\">\n\t\t\t\t<a class=\"wp-block-button__link uagb-text-link\" style=\"\" href=\"https:\/\/smarttravelhon.com\/index.php\/2023\/08\/26\/paris-francia\/\" target=\"_self\" rel=\"bookmark noopener noreferrer\">Leer m\u00e1s aQU\u00cd<\/a>\n\t\t\t<\/div>\n\t\t\t\n\t\t\t\t\t\t\t\t\t<\/article>\n\t\t\t\t\t\t\t\t\t\t\t\t\t\t\t\t<article class=\"uagb-post__inner-wrap\">\t\t\t\t\t\t\t\t<h4 class=\"uagb-post__title uagb-post__text\">\n\t\t\t\t<a href=\"https:\/\/smarttravelhon.com\/index.php\/2023\/08\/24\/b\/\" target=\"_self\" rel=\"bookmark noopener noreferrer\">BARCELONA, ESPA\u00d1A<\/a>\n\t\t\t<\/h4>\n\t\t\t\t\t\t<div class='uagb-post__text uagb-post-grid-byline'>\n\t\t\t\t\t\t\t\t<time datetime=\"2023-08-24T15:32:11-06:00\" class=\"uagb-post__date\">\n\t\t\t\t<span class=\"dashicons-calendar dashicons\"><\/span>\t\t\t\t\t24 de agosto de 2023\t\t\t\t<\/time>\n\t\t\t\t\t\t<\/div>\n\t\t\t\t\t\t\t<div class='uagb-post__text uagb-post__excerpt'>\n\t\t\t\t\t<p>BARCELONA, ESPA\u00d1A \u00bfD\u00f3nde ir si estas de visita por Barcelona? Razones para Visitar: Arquitectura Gaud\u00ed,...\t\t\t\t<\/div>\n\t\t\t\t\t\t<div class=\"uagb-post__text uagb-post__cta wp-block-button\">\n\t\t\t\t<a class=\"wp-block-button__link uagb-text-link\" style=\"\" href=\"https:\/\/smarttravelhon.com\/index.php\/2023\/08\/24\/b\/\" target=\"_self\" rel=\"bookmark noopener noreferrer\">Leer m\u00e1s aQU\u00cd<\/a>\n\t\t\t<\/div>\n\t\t\t\n\t\t\t\t\t\t\t\t\t<\/article>\n\t\t\t\t\t\t\t\t\t\t\t\t\t\t\t\t<article class=\"uagb-post__inner-wrap\">\t\t\t\t\t\t\t\t<h4 class=\"uagb-post__title uagb-post__text\">\n\t\t\t\t<a href=\"https:\/\/smarttravelhon.com\/index.php\/2024\/10\/25\/las-7-maravillas-del-mundo\/\" target=\"_self\" rel=\"bookmark noopener noreferrer\">Las 7 Maravillas del Mundo<\/a>\n\t\t\t<\/h4>\n\t\t\t\t\t\t<div class='uagb-post__text uagb-post-grid-byline'>\n\t\t\t\t\t\t\t\t<time datetime=\"2024-10-25T13:44:32-06:00\" class=\"uagb-post__date\">\n\t\t\t\t<span class=\"dashicons-calendar dashicons\"><\/span>\t\t\t\t\t25 de octubre de 2024\t\t\t\t<\/time>\n\t\t\t\t\t\t<\/div>\n\t\t\t\t\t\t\t<div class='uagb-post__text uagb-post__excerpt'>\n\t\t\t\t\t<p>1.\u00a0Gran\u00a0Muralla\u00a0China,\u00a0China La\u00a0Gran\u00a0Muralla\u00a0China,\u00a0una\u00a0estructura\u00a0monumental\u00a0que\u00a0serpentea\u00a0a\u00a0trav\u00e9s\u00a0de\u00a0monta\u00f1as\u00a0y\u00a0valles,\u00a0es\u00a0una\u00a0obra\u00a0maestra\u00a0de\u00a0ingenier\u00eda. Actividades: Caminatas\u00a0Guiadas:\u00a0Explora\u00a0secciones\u00a0restauradas\u00a0de\u00a0la\u00a0muralla\u00a0con\u00a0un\u00a0gu\u00eda\u00a0local. Senderismo:\u00a0Aventura\u00a0a\u00a0trav\u00e9s\u00a0de\u00a0las\u00a0partes\u00a0menos\u00a0conocidas\u00a0y\u00a0m\u00e1s\u00a0r\u00fasticas\u00a0de\u00a0la\u00a0muralla. Fotograf\u00eda\u00a0Esc\u00e9nica:\u00a0Captura\u00a0vistas\u00a0panor\u00e1micas\u00a0impresionantes\u00a0al\u00a0amanecer\u00a0o\u00a0al\u00a0atardecer. 2.\u00a0Petra,\u00a0Jordania Petra,\u00a0tambi\u00e9n\u00a0conocida\u00a0como\u00a0la\u00a0\u00abCiudad\u00a0Rosa\u00bb,\u00a0es\u00a0un\u00a0antiguo\u00a0asentamiento\u00a0tallado\u00a0en\u00a0roca\u00a0arenisca. Actividades: Exploraci\u00f3n\u00a0de\u00a0Ruinas:\u00a0Descubre\u00a0el\u00a0Tesoro,\u00a0los\u00a0Tumbos\u00a0Reales\u00a0y\u00a0el\u00a0Monasterio. Cabalgata:\u00a0Recorre\u00a0los\u00a0ca\u00f1ones\u00a0a\u00a0caballo,\u00a0como\u00a0lo\u00a0hac\u00edan\u00a0los\u00a0antiguos\u00a0nabateos. Espect\u00e1culo\u00a0Nocturno:\u00a0Disfruta\u00a0de\u00a0Petra\u00a0de\u00a0noche,\u00a0iluminada\u00a0por\u00a0miles\u00a0de\u00a0velas. 3.\u00a0Cristo\u00a0Redentor,\u00a0Brasil El\u00a0Cristo\u00a0Redentor\u00a0en\u00a0R\u00edo\u00a0de\u00a0Janeiro\u00a0es\u00a0una\u00a0ic\u00f3nica\u00a0estatua\u00a0que\u00a0se\u00a0alza\u00a0majestuosamente\u00a0sobre\u00a0la\u00a0ciudad. Actividades:...\t\t\t\t<\/div>\n\t\t\t\t\t\t<div class=\"uagb-post__text uagb-post__cta wp-block-button\">\n\t\t\t\t<a class=\"wp-block-button__link uagb-text-link\" style=\"\" href=\"https:\/\/smarttravelhon.com\/index.php\/2024\/10\/25\/las-7-maravillas-del-mundo\/\" target=\"_self\" rel=\"bookmark noopener noreferrer\">Leer m\u00e1s aQU\u00cd<\/a>\n\t\t\t<\/div>\n\t\t\t\n\t\t\t\t\t\t\t\t\t<\/article>\n\t\t\t\t\t\t\t\t\t\t\t\t\t<div class=\"uagb-post-pagination-wrap\">\n\t\t\t\t\t\t\t\t\t\t\t<\/div>\n\t\t\t\t\t\t\t\t<\/div>\n\t\t\t\n\n\n\t\t\t<div class=\"wp-block-uagb-post-grid uagb-post-grid  uagb-post__image-position-top uagb-post__image-enabled uagb-block-81191673     uagb-post__items uagb-post__columns-3 is-grid uagb-post__columns-tablet-2 uagb-post__columns-mobile-1 uagb-post__equal-height uagb-equal_height_inline-read-more-buttons\" data-total=\"1\" style=\"\">\n\n\t\t\t\t\t\t\t\t\t\t\t\t<article class=\"uagb-post__inner-wrap\">\t\t\t\t\t\t\t\t<h4 class=\"uagb-post__title uagb-post__text\">\n\t\t\t\t<a href=\"https:\/\/smarttravelhon.com\/index.php\/2023\/08\/26\/madrid-espana-2\/\" target=\"_self\" rel=\"bookmark noopener noreferrer\">MADRID, ESPA\u00d1A<\/a>\n\t\t\t<\/h4>\n\t\t\t\t\t\t<div class='uagb-post__text uagb-post-grid-byline'>\n\t\t\t\t\t\t\t\t<time datetime=\"2023-08-26T11:55:06-06:00\" class=\"uagb-post__date\">\n\t\t\t\t<span class=\"dashicons-calendar dashicons\"><\/span>\t\t\t\t\t26 de agosto de 2023\t\t\t\t<\/time>\n\t\t\t\t\t\t<\/div>\n\t\t\t\t\t\t\t<div class='uagb-post__text uagb-post__excerpt'>\n\t\t\t\t\t<p>MADRID, ESPA\u00d1A \u00bfD\u00f3nde ir si estas de visita por Madrid? Razones para Visitar: Arquitectura Majestuosa,...\t\t\t\t<\/div>\n\t\t\t\t\t\t<div class=\"uagb-post__text uagb-post__cta wp-block-button\">\n\t\t\t\t<a class=\"wp-block-button__link uagb-text-link\" style=\"\" href=\"https:\/\/smarttravelhon.com\/index.php\/2023\/08\/26\/madrid-espana-2\/\" target=\"_self\" rel=\"bookmark noopener noreferrer\">Leer m\u00e1s aQU\u00cd<\/a>\n\t\t\t<\/div>\n\t\t\t\n\t\t\t\t\t\t\t\t\t<\/article>\n\t\t\t\t\t\t\t\t\t\t\t\t\t\t\t\t<article class=\"uagb-post__inner-wrap\">\t\t\t\t\t\t\t\t<h4 class=\"uagb-post__title uagb-post__text\">\n\t\t\t\t<a href=\"https:\/\/smarttravelhon.com\/index.php\/2023\/08\/26\/paris-francia\/\" target=\"_self\" rel=\"bookmark noopener noreferrer\">PAR\u00cdS, FRANCIA<\/a>\n\t\t\t<\/h4>\n\t\t\t\t\t\t<div class='uagb-post__text uagb-post-grid-byline'>\n\t\t\t\t\t\t\t\t<time datetime=\"2023-08-26T14:05:58-06:00\" class=\"uagb-post__date\">\n\t\t\t\t<span class=\"dashicons-calendar dashicons\"><\/span>\t\t\t\t\t26 de agosto de 2023\t\t\t\t<\/time>\n\t\t\t\t\t\t<\/div>\n\t\t\t\t\t\t\t<div class='uagb-post__text uagb-post__excerpt'>\n\t\t\t\t\t<p>PAR\u00cdS, FRANCIA \u00bfD\u00f3nde ir si estas de visita por Par\u00eds? Razones para Visitar: S\u00edmbolo Emblem\u00e1tico...\t\t\t\t<\/div>\n\t\t\t\t\t\t<div class=\"uagb-post__text uagb-post__cta wp-block-button\">\n\t\t\t\t<a class=\"wp-block-button__link uagb-text-link\" style=\"\" href=\"https:\/\/smarttravelhon.com\/index.php\/2023\/08\/26\/paris-francia\/\" target=\"_self\" rel=\"bookmark noopener noreferrer\">Leer m\u00e1s aQU\u00cd<\/a>\n\t\t\t<\/div>\n\t\t\t\n\t\t\t\t\t\t\t\t\t<\/article>\n\t\t\t\t\t\t\t\t\t\t\t\t\t\t\t\t<article class=\"uagb-post__inner-wrap\">\t\t\t\t\t\t\t\t<h4 class=\"uagb-post__title uagb-post__text\">\n\t\t\t\t<a href=\"https:\/\/smarttravelhon.com\/index.php\/2023\/08\/24\/b\/\" target=\"_self\" rel=\"bookmark noopener noreferrer\">BARCELONA, ESPA\u00d1A<\/a>\n\t\t\t<\/h4>\n\t\t\t\t\t\t<div class='uagb-post__text uagb-post-grid-byline'>\n\t\t\t\t\t\t\t\t<time datetime=\"2023-08-24T15:32:11-06:00\" class=\"uagb-post__date\">\n\t\t\t\t<span class=\"dashicons-calendar dashicons\"><\/span>\t\t\t\t\t24 de agosto de 2023\t\t\t\t<\/time>\n\t\t\t\t\t\t<\/div>\n\t\t\t\t\t\t\t<div class='uagb-post__text uagb-post__excerpt'>\n\t\t\t\t\t<p>BARCELONA, ESPA\u00d1A \u00bfD\u00f3nde ir si estas de visita por Barcelona? Razones para Visitar: Arquitectura Gaud\u00ed,...\t\t\t\t<\/div>\n\t\t\t\t\t\t<div class=\"uagb-post__text uagb-post__cta wp-block-button\">\n\t\t\t\t<a class=\"wp-block-button__link uagb-text-link\" style=\"\" href=\"https:\/\/smarttravelhon.com\/index.php\/2023\/08\/24\/b\/\" target=\"_self\" rel=\"bookmark noopener noreferrer\">Leer m\u00e1s aQU\u00cd<\/a>\n\t\t\t<\/div>\n\t\t\t\n\t\t\t\t\t\t\t\t\t<\/article>\n\t\t\t\t\t\t\t\t\t\t\t\t\t\t\t\t<article class=\"uagb-post__inner-wrap\">\t\t\t\t\t\t\t\t<h4 class=\"uagb-post__title uagb-post__text\">\n\t\t\t\t<a href=\"https:\/\/smarttravelhon.com\/index.php\/2024\/10\/25\/las-7-maravillas-del-mundo\/\" target=\"_self\" rel=\"bookmark noopener noreferrer\">Las 7 Maravillas del Mundo<\/a>\n\t\t\t<\/h4>\n\t\t\t\t\t\t<div class='uagb-post__text uagb-post-grid-byline'>\n\t\t\t\t\t\t\t\t<time datetime=\"2024-10-25T13:44:32-06:00\" class=\"uagb-post__date\">\n\t\t\t\t<span class=\"dashicons-calendar dashicons\"><\/span>\t\t\t\t\t25 de octubre de 2024\t\t\t\t<\/time>\n\t\t\t\t\t\t<\/div>\n\t\t\t\t\t\t\t<div class='uagb-post__text uagb-post__excerpt'>\n\t\t\t\t\t<p>1.\u00a0Gran\u00a0Muralla\u00a0China,\u00a0China La\u00a0Gran\u00a0Muralla\u00a0China,\u00a0una\u00a0estructura\u00a0monumental\u00a0que\u00a0serpentea\u00a0a\u00a0trav\u00e9s\u00a0de\u00a0monta\u00f1as\u00a0y\u00a0valles,\u00a0es\u00a0una\u00a0obra\u00a0maestra\u00a0de\u00a0ingenier\u00eda. Actividades: Caminatas\u00a0Guiadas:\u00a0Explora\u00a0secciones\u00a0restauradas\u00a0de\u00a0la\u00a0muralla\u00a0con\u00a0un\u00a0gu\u00eda\u00a0local. Senderismo:\u00a0Aventura\u00a0a\u00a0trav\u00e9s\u00a0de\u00a0las\u00a0partes\u00a0menos\u00a0conocidas\u00a0y\u00a0m\u00e1s\u00a0r\u00fasticas\u00a0de\u00a0la\u00a0muralla. Fotograf\u00eda\u00a0Esc\u00e9nica:\u00a0Captura\u00a0vistas\u00a0panor\u00e1micas\u00a0impresionantes\u00a0al\u00a0amanecer\u00a0o\u00a0al\u00a0atardecer. 2.\u00a0Petra,\u00a0Jordania Petra,\u00a0tambi\u00e9n\u00a0conocida\u00a0como\u00a0la\u00a0\u00abCiudad\u00a0Rosa\u00bb,\u00a0es\u00a0un\u00a0antiguo\u00a0asentamiento\u00a0tallado\u00a0en\u00a0roca\u00a0arenisca. Actividades: Exploraci\u00f3n\u00a0de\u00a0Ruinas:\u00a0Descubre\u00a0el\u00a0Tesoro,\u00a0los\u00a0Tumbos\u00a0Reales\u00a0y\u00a0el\u00a0Monasterio. Cabalgata:\u00a0Recorre\u00a0los\u00a0ca\u00f1ones\u00a0a\u00a0caballo,\u00a0como\u00a0lo\u00a0hac\u00edan\u00a0los\u00a0antiguos\u00a0nabateos. Espect\u00e1culo\u00a0Nocturno:\u00a0Disfruta\u00a0de\u00a0Petra\u00a0de\u00a0noche,\u00a0iluminada\u00a0por\u00a0miles\u00a0de\u00a0velas. 3.\u00a0Cristo\u00a0Redentor,\u00a0Brasil El\u00a0Cristo\u00a0Redentor\u00a0en\u00a0R\u00edo\u00a0de\u00a0Janeiro\u00a0es\u00a0una\u00a0ic\u00f3nica\u00a0estatua\u00a0que\u00a0se\u00a0alza\u00a0majestuosamente\u00a0sobre\u00a0la\u00a0ciudad. Actividades:...\t\t\t\t<\/div>\n\t\t\t\t\t\t<div class=\"uagb-post__text uagb-post__cta wp-block-button\">\n\t\t\t\t<a class=\"wp-block-button__link uagb-text-link\" style=\"\" href=\"https:\/\/smarttravelhon.com\/index.php\/2024\/10\/25\/las-7-maravillas-del-mundo\/\" target=\"_self\" rel=\"bookmark noopener noreferrer\">Leer m\u00e1s aQU\u00cd<\/a>\n\t\t\t<\/div>\n\t\t\t\n\t\t\t\t\t\t\t\t\t<\/article>\n\t\t\t\t\t\t\t\t\t\t\t\t\t<div class=\"uagb-post-pagination-wrap\">\n\t\t\t\t\t\t\t\t\t\t\t<\/div>\n\t\t\t\t\t\t\t\t<\/div>\n\t\t\t\t\t\t\t\t\t\t\t<\/div>\n\t\t\t\t<\/div>\n\t\t\t\t\t<\/div>\n\t\t<\/div>\n\t\t\t\t\t<\/div>\n\t\t<\/section>\n\t\t\t\t<section class=\"elementor-section elementor-top-section elementor-element elementor-element-5df966c elementor-section-boxed elementor-section-height-default elementor-section-height-default\" data-id=\"5df966c\" data-element_type=\"section\">\n\t\t\t\t\t\t<div class=\"elementor-container elementor-column-gap-default\">\n\t\t\t\t\t<div class=\"elementor-column elementor-col-100 elementor-top-column elementor-element elementor-element-2c3ed5e\" data-id=\"2c3ed5e\" data-element_type=\"column\">\n\t\t\t<div class=\"elementor-widget-wrap\">\n\t\t\t\t\t\t\t<\/div>\n\t\t<\/div>\n\t\t\t\t\t<\/div>\n\t\t<\/section>\n\t\t\t\t<section class=\"elementor-section elementor-top-section elementor-element elementor-element-ace9d5b elementor-section-boxed elementor-section-height-default elementor-section-height-default\" data-id=\"ace9d5b\" data-element_type=\"section\">\n\t\t\t\t\t\t<div class=\"elementor-container elementor-column-gap-default\">\n\t\t\t\t\t<div class=\"elementor-column elementor-col-100 elementor-top-column elementor-element elementor-element-ceb52da\" data-id=\"ceb52da\" data-element_type=\"column\">\n\t\t\t<div class=\"elementor-widget-wrap elementor-element-populated\">\n\t\t\t\t\t\t<div class=\"elementor-element elementor-element-70c9e8a elementor-invisible elementor-widget elementor-widget-wp-widget-recent-posts\" data-id=\"70c9e8a\" data-element_type=\"widget\" data-settings=\"{&quot;_animation&quot;:&quot;fadeInDown&quot;}\" data-widget_type=\"wp-widget-recent-posts.default\">\n\t\t\t\t<div class=\"elementor-widget-container\">\n\t\t\t\t\t\n\t\t\n\t\t<h5>Destinos Smart Travel<\/h5><nav aria-label=\"Destinos Smart Travel\">\n\t\t<ul>\n\t\t\t\t\t\t\t\t\t\t\t<li>\n\t\t\t\t\t<a href=\"https:\/\/smarttravelhon.com\/index.php\/2024\/10\/25\/las-7-maravillas-del-mundo\/\">Las 7 Maravillas del Mundo<\/a>\n\t\t\t\t\t\t\t\t\t<\/li>\n\t\t\t\t\t\t\t\t\t\t\t<li>\n\t\t\t\t\t<a href=\"https:\/\/smarttravelhon.com\/index.php\/2023\/08\/26\/paris-francia\/\">PAR\u00cdS, FRANCIA<\/a>\n\t\t\t\t\t\t\t\t\t<\/li>\n\t\t\t\t\t\t\t\t\t\t\t<li>\n\t\t\t\t\t<a href=\"https:\/\/smarttravelhon.com\/index.php\/2023\/08\/26\/madrid-espana-2\/\">MADRID, ESPA\u00d1A<\/a>\n\t\t\t\t\t\t\t\t\t<\/li>\n\t\t\t\t\t\t\t\t\t\t\t<li>\n\t\t\t\t\t<a href=\"https:\/\/smarttravelhon.com\/index.php\/2023\/08\/24\/b\/\">BARCELONA, ESPA\u00d1A<\/a>\n\t\t\t\t\t\t\t\t\t<\/li>\n\t\t\t\t\t<\/ul>\n\n\t\t<\/nav>\t\t\t\t<\/div>\n\t\t\t\t<\/div>\n\t\t\t\t\t<\/div>\n\t\t<\/div>\n\t\t\t\t\t<\/div>\n\t\t<\/section>\n\t\t\t\t<\/div>\n\t\t","protected":false},"excerpt":{"rendered":"<p>Destinos Imperdibles Smart Travel En Smart Travel, sabemos lo importante que es hacer que tus viajes sean inolvidables. Por eso, hemos creado esta secci\u00f3n especialmente para ti. Aqu\u00ed encontrar\u00e1s una gu\u00eda detallada de los lugares tur\u00edsticos m\u00e1s fascinantes y emocionantes en cada ciudad que visitamos.<\/p>\n","protected":false},"author":1,"featured_media":0,"parent":0,"menu_order":0,"comment_status":"open","ping_status":"closed","template":"","meta":{"_uag_custom_page_level_css":"","_background_id":0,"_xo_background":{"id":0,"size":"auto","position_x":"left","position_y":"top","color":"","gradient":"","custom_gradient":"","repeat":true,"attachment":true,"enable_color":false},"site-sidebar-layout":"default","site-content-layout":"","ast-site-content-layout":"default","site-content-style":"default","site-sidebar-style":"default","ast-global-header-display":"","ast-banner-title-visibility":"","ast-main-header-display":"","ast-hfb-above-header-display":"","ast-hfb-below-header-display":"","ast-hfb-mobile-header-display":"","site-post-title":"disabled","ast-breadcrumbs-content":"","ast-featured-img":"","footer-sml-layout":"","theme-transparent-header-meta":"","adv-header-id-meta":"","stick-header-meta":"","header-above-stick-meta":"","header-main-stick-meta":"","header-below-stick-meta":"","astra-migrate-meta-layouts":"set","ast-page-background-enabled":"default","ast-page-background-meta":{"desktop":{"background-color":"","background-image":"","background-repeat":"repeat","background-position":"center center","background-size":"auto","background-attachment":"scroll","background-type":"","background-media":"","overlay-type":"","overlay-color":"","overlay-opacity":"","overlay-gradient":""},"tablet":{"background-color":"","background-image":"","background-repeat":"repeat","background-position":"center center","background-size":"auto","background-attachment":"scroll","background-type":"","background-media":"","overlay-type":"","overlay-color":"","overlay-opacity":"","overlay-gradient":""},"mobile":{"background-color":"","background-image":"","background-repeat":"repeat","background-position":"center center","background-size":"auto","background-attachment":"scroll","background-type":"","background-media":"","overlay-type":"","overlay-color":"","overlay-opacity":"","overlay-gradient":""}},"ast-content-background-meta":{"desktop":{"background-color":"var(--ast-global-color-5)","background-image":"","background-repeat":"repeat","background-position":"center center","background-size":"auto","background-attachment":"scroll","background-type":"","background-media":"","overlay-type":"","overlay-color":"","overlay-opacity":"","overlay-gradient":""},"tablet":{"background-color":"var(--ast-global-color-5)","background-image":"","background-repeat":"repeat","background-position":"center center","background-size":"auto","background-attachment":"scroll","background-type":"","background-media":"","overlay-type":"","overlay-color":"","overlay-opacity":"","overlay-gradient":""},"mobile":{"background-color":"var(--ast-global-color-5)","background-image":"","background-repeat":"repeat","background-position":"center center","background-size":"auto","background-attachment":"scroll","background-type":"","background-media":"","overlay-type":"","overlay-color":"","overlay-opacity":"","overlay-gradient":""}},"footnotes":""},"aioseo_notices":[],"uagb_featured_image_src":{"full":false,"thumbnail":false,"medium":false,"medium_large":false,"large":false,"1536x1536":false,"2048x2048":false},"uagb_author_info":{"display_name":"Smart Travel Agencia de Viajes","author_link":"https:\/\/smarttravelhon.com\/index.php\/author\/smarttravelhon\/"},"uagb_comment_info":8,"uagb_excerpt":"Destinos Imperdibles Smart Travel En Smart Travel, sabemos lo importante que es hacer que tus viajes sean inolvidables. Por eso, hemos creado esta secci\u00f3n especialmente para ti. Aqu\u00ed encontrar\u00e1s una gu\u00eda detallada de los lugares tur\u00edsticos m\u00e1s fascinantes y emocionantes en cada ciudad que visitamos.","_links":{"self":[{"href":"https:\/\/smarttravelhon.com\/index.php\/wp-json\/wp\/v2\/pages\/1159"}],"collection":[{"href":"https:\/\/smarttravelhon.com\/index.php\/wp-json\/wp\/v2\/pages"}],"about":[{"href":"https:\/\/smarttravelhon.com\/index.php\/wp-json\/wp\/v2\/types\/page"}],"author":[{"embeddable":true,"href":"https:\/\/smarttravelhon.com\/index.php\/wp-json\/wp\/v2\/users\/1"}],"replies":[{"embeddable":true,"href":"https:\/\/smarttravelhon.com\/index.php\/wp-json\/wp\/v2\/comments?post=1159"}],"version-history":[{"count":66,"href":"https:\/\/smarttravelhon.com\/index.php\/wp-json\/wp\/v2\/pages\/1159\/revisions"}],"predecessor-version":[{"id":1538,"href":"https:\/\/smarttravelhon.com\/index.php\/wp-json\/wp\/v2\/pages\/1159\/revisions\/1538"}],"wp:attachment":[{"href":"https:\/\/smarttravelhon.com\/index.php\/wp-json\/wp\/v2\/media?parent=1159"}],"curies":[{"name":"wp","href":"https:\/\/api.w.org\/{rel}","templated":true}]}}